{"id":16,"date":"2024-02-24T19:34:53","date_gmt":"2024-02-24T19:34:53","guid":{"rendered":"https:\/\/12worldview.nilsmartin.no\/?page_id=16"},"modified":"2024-04-07T09:24:39","modified_gmt":"2024-04-07T09:24:39","slug":"12-verdensanskuelser","status":"publish","type":"page","link":"https:\/\/12worldview.nilsmartin.no\/index.php\/12-verdensanskuelser\/","title":{"rendered":"12 verdensanskuelser"},"content":{"rendered":"\n<p><\/p>\n\n\n\n<figure class=\"wp-block-image\"><a href=\"https:\/\/12worldview.com\/index.php\/12-verdensanskuelser\/\"><img decoding=\"async\" src=\"https:\/\/www.torgerjacobsen.no\/wp-content\/uploads\/2024\/02\/12worldview.com-Norge.jpeg\" alt=\"\" class=\"wp-image-3958\"\/><\/a><\/figure>\n\n\n\n<p>De 12 verdener det her er snakk om, finnes overalt. Problemet er at man er vandt til \u00e5 se bare en. Det er ensidigheter som skaper krig, derfor er det viktig \u00e5 bli oppmerksomme p\u00e5 at det er andre. 12 heten er klassisk urgammelt og derfor et ud\u00f8delig tema, som kan presenteres i stadig nye former. En moderne opphavsfremstilling er \u00e5 finne p\u00e5 Tysk fra 1914. Sammen med litteraturhenvisninger vises:<\/p>\n\n\n\n<figure class=\"wp-block-image\"><a href=\"https:\/\/12worldview.com\/index.php\/12-weltanschaungen\/\"><img decoding=\"async\" src=\"https:\/\/www.torgerjacobsen.no\/wp-content\/uploads\/2024\/02\/12worldview.com-Tyskland.jpeg\" alt=\"\" class=\"wp-image-3959\"\/><\/a><\/figure>\n\n\n\n<p>\u2013<\/p>\n\n\n\n<p>Den engelskspr\u00e5klige siden har lenker, videosnutter, og litteraturhenvisninger:<\/p>\n\n\n\n<figure class=\"wp-block-image is-resized\"><a href=\"https:\/\/12worldview.com\/index.php\/12-world-view\/\"><img decoding=\"async\" src=\"https:\/\/www.torgerjacobsen.no\/wp-content\/uploads\/2024\/02\/12worldview.com-England.jpeg\" alt=\"\" class=\"wp-image-3957\" style=\"width:327px;height:auto\"\/><\/a><\/figure>\n\n\n\n<p>\u2013<\/p>\n\n\n\n<p>Lenken:<\/p>\n\n\n\n<figure class=\"wp-block-image is-resized\"><a href=\"https:\/\/www.torgerjacobsen.no\/2023\/10\/18\/k-o-s-m-o-n-y-m-i-a\/\"><img decoding=\"async\" src=\"https:\/\/www.torgerjacobsen.no\/wp-content\/uploads\/2023\/09\/Kosmonymia.png\" alt=\"\" class=\"wp-image-1933\" style=\"width:220px;height:auto\"\/><\/a><\/figure>\n\n\n\n<p>viser et spr\u00e5kprosjekt som er i utvikling og vil vise de 12\u00d77 verdensanskuelsene og stemningene i begrepskategorier. I 2014 kom id\u00e9en til dette, og tenker en utvikling av m\u00f8teplasser ved suksessivt \u00e5 arbeide seg inn i alle begrepene til en allmennforst\u00e5else. Fra 2022 har det blitt gjennomf\u00f8rt ukentlige begrepsdiskusjoner\/samtaler som det er mulig \u00e5 delta i. Kosmonymia vil utgi trykksaker, ordb\u00f8ker og spillkort (kortstokker). Fra h\u00f8sten 2023 ble det trykket opp kortstokkstokken \u00abforspill\u00bb. Den neste er p\u00e5 vei.<\/p>\n\n\n\n<p>\u2013<\/p>\n\n\n\n<p>De 12 verdensanskuelse presentert i en sirkel. Navnene p\u00e5 noen av anskuelsene kan avvike fra den f\u00f8rste tyske orginale navnsettingen. Etterhvert som de 12 blir lenket til hvert sitt omr\u00e5de p\u00e5 denne siden, vil ogs\u00e5 den norske navnbruken bli gjort rede for. De verdensanskuelsene som er gjort til <strong>lenke <\/strong>er sider som er p\u00e5begynnt med tekster og ordbilder:<\/p>\n\n\n\n<p class=\"has-text-align-center has-base-2-color has-text-color\"><\/p>\n\n\n\n<p class=\"has-text-align-center has-base-2-color has-text-color\"><mark><strong><a href=\"https:\/\/12worldview.com\/index.php\/2024\/03\/21\/materialisme\/\" data-type=\"post\" data-id=\"252\">Materialisme<\/a><\/strong><\/mark><\/p>\n\n\n\n<p class=\"has-text-align-center\"><strong><mark><a href=\"https:\/\/12worldview.com\/index.php\/2024\/03\/21\/objektivisme\/\">Objektivisme<\/a><\/mark>&nbsp;&nbsp;&nbsp;&nbsp;&nbsp;&nbsp;&nbsp;&nbsp; &nbsp;&nbsp;&nbsp;&nbsp;  &nbsp;<mark><a href=\"https:\/\/12worldview.com\/index.php\/2024\/03\/21\/sensualisme\/\">Sensualisme<\/a><\/mark><\/strong><\/p>\n\n\n\n<p class=\"has-text-align-center\"><strong><mark><a href=\"https:\/\/12worldview.com\/index.php\/2024\/03\/21\/rasjonalisme\/\">Rasjonalismen<\/a><\/mark>&nbsp;&nbsp;&nbsp;&nbsp;&nbsp;&nbsp;&nbsp;&nbsp; &nbsp;&nbsp;&nbsp; &nbsp;&nbsp;      &nbsp;<mark><a href=\"https:\/\/12worldview.com\/index.php\/2024\/03\/21\/fenomenalisme\/\">Fenomenalismen<\/a><\/mark><\/strong><\/p>\n\n\n\n<p class=\"has-text-align-center\"><strong><mark><a href=\"https:\/\/12worldview.com\/index.php\/2024\/03\/21\/idealisme\/\" data-type=\"post\" data-id=\"255\">Idealisme<\/a><\/mark>&nbsp;&nbsp;&nbsp;&nbsp;&nbsp;&nbsp;&nbsp;&nbsp; &nbsp;&nbsp;&nbsp;&nbsp; &nbsp;&nbsp;&nbsp;     &lt; \u2013 &gt;&nbsp;&nbsp;&nbsp;&nbsp;&nbsp;&nbsp;&nbsp;&nbsp;         &nbsp;&nbsp;&nbsp;&nbsp; &nbsp;<mark><a href=\"https:\/\/12worldview.com\/index.php\/2024\/03\/21\/realisme\/\">Realisme<\/a><\/mark><\/strong><\/p>\n\n\n\n<p class=\"has-text-align-center\"><strong><mark><a href=\"https:\/\/12worldview.com\/index.php\/2024\/03\/20\/psykisme\/\" data-type=\"post\" data-id=\"145\">Psykisme<\/a><\/mark>&nbsp;&nbsp;&nbsp;&nbsp;&nbsp; &nbsp;&nbsp;&nbsp;&nbsp;&nbsp; &nbsp;&nbsp;&nbsp;&nbsp;&nbsp;&nbsp;&nbsp;&nbsp;&nbsp;&nbsp;&nbsp;&nbsp;&nbsp;&nbsp;&nbsp; &nbsp;&nbsp;&nbsp;&nbsp;&nbsp; &nbsp;&nbsp;&nbsp;&nbsp;&nbsp;<mark><a href=\"https:\/\/12worldview.com\/index.php\/2024\/03\/21\/dynamisme\/\">Dynamisme<\/a><\/mark><\/strong><\/p>\n\n\n\n<p class=\"has-text-align-center\"><strong><mark><a href=\"https:\/\/12worldview.com\/index.php\/2024\/03\/21\/essensialisme\/\" data-type=\"post\" data-id=\"169\">Essensialisme<\/a><\/mark>&nbsp;&nbsp;&nbsp;&nbsp;&nbsp;&nbsp;&nbsp;&nbsp;&nbsp; &nbsp; &nbsp;&nbsp;&nbsp;&nbsp;<mark><a href=\"https:\/\/12worldview.com\/index.php\/2024\/03\/21\/monadisme\/\" data-type=\"post\" data-id=\"209\">Monadisme<\/a><\/mark><\/strong><\/p>\n\n\n\n<p class=\"has-text-align-center\"><mark><strong><a href=\"https:\/\/12worldview.com\/index.php\/2024\/03\/21\/spiritualisme\/\" data-type=\"post\" data-id=\"211\">Spiritu<\/a><\/strong><\/mark><strong><mark><a href=\"https:\/\/12worldview.com\/index.php\/2024\/03\/21\/spiritualisme\/\" data-type=\"post\" data-id=\"211\">alisme<\/a><\/mark><\/strong><\/p>\n\n\n\n<p><strong>med 7 stemninger:<\/strong> <strong><mark>Gnosis<\/mark><\/strong>&nbsp;\u2013&nbsp;<strong><mark>Logos<\/mark><\/strong>&nbsp;\u2013&nbsp;<strong><mark>Voluntarisme<\/mark><\/strong>&nbsp;\u2013&nbsp;<strong><mark>Empirisme<\/mark><\/strong>&nbsp;\u2013&nbsp;<strong><mark>Mystikk<\/mark><\/strong>&nbsp;\u2013<strong><mark>Transcendentalisme<\/mark><\/strong>&nbsp;\u2013&nbsp;<strong><mark>Okkultisme<\/mark><\/strong>. Stemningene blir lagt ut med bilder og tekst; ordbilder. Ordbildene utdypes og beskrives med utfyllende tekster underveis. Til en start er det to typer ordbilder. Den ene med ord som begynner med &laquo;For&raquo;. Disse er med i kortstokken &laquo;Forspill&raquo; som ble trykket i oktober 2023. Den andre best\u00e5r av faste uttrykk (idiomer), og tilh\u00f8rer en ny korstokk som er under planlegging. Begge ordbildetypene er ment \u00e5 vise hvordan begreper (allmenne begreper) erverves innenfor sin stemning.<\/p>\n\n\n\n<p>Disse tolv verdensanskuelsene er her stillt opp som en klokkeskive. Det kan like gjerne v\u00e6re som Zoodiaken eller m\u00e5nedene i \u00e5ret. \u00d8verst er kl.12 eller om man vil; Juli m\u00e5ned. Nederst kl.6 eller Januar.&nbsp;<strong><mark>Materialisme<\/mark><\/strong>&nbsp;og&nbsp;<mark><strong>Spiritu<\/strong><\/mark><strong><mark>alisme<\/mark><\/strong>&nbsp;er motsetninger til hverandre, slik vi forestiller motsetningen mellom m\u00e5neder i \u00e5ret. F\u00f8lger vi kretsen er diameteren motsetningen mellom hvert par.<\/p>\n\n\n\n<p>\u2013<\/p>\n\n\n\n<p>Til de 12 verdensanskuelsene er det 7 bestemmelser\/stemninger med hvert sitt uttrykk.&nbsp;<strong><mark>Gnosis<\/mark><\/strong>&nbsp;\u2013&nbsp;<strong><mark>Logos<\/mark><\/strong>&nbsp;\u2013&nbsp;<strong><mark>Voluntarisme<\/mark><\/strong>&nbsp;\u2013&nbsp;<strong><mark>Empirisme<\/mark><\/strong>&nbsp;\u2013&nbsp;<strong><mark>Mystikk<\/mark><\/strong>&nbsp;\u2013&nbsp;<strong><mark>Transcendentalisme<\/mark><\/strong>&nbsp;\u2013&nbsp;<strong><mark>Okkultisme<\/mark><\/strong>. Vi ender da med 12 x 7 verdensanskuelsesnyanser som utgj\u00f8r hvert sitt begrep.<\/p>\n\n\n\n<p>Er spr\u00e5kprosjektet som forklarer hele det spr\u00e5klige og begrepsmessige sammenhengen utgj\u00f8r 84 begreper.<\/p>\n\n\n\n<p>De f\u00f8lger 3 betoninger som viser hvordan ord blir konkludert (tydet);&nbsp;<strong><mark>Naturalisme<\/mark><\/strong>\u2013&nbsp;<strong><mark>Teisme<\/mark><\/strong>&nbsp;\u2013&nbsp;<strong><mark>Intuisme<\/mark><\/strong>. I alt viser dette hvordan begrep og ord er forskjellige, men at begreper kan strekkes; vi f\u00e5r dr\u00f8ssevis av synonymer (ensbetydende ord) inne i hvert begrep.<\/p>\n\n\n\n<p>\u2014<\/p>\n\n\n\n<figure class=\"wp-block-image is-resized\"><a href=\"https:\/\/www.torgerjacobsen.no\/2023\/10\/18\/k-o-s-m-o-n-y-m-i-a\/\"><img decoding=\"async\" src=\"https:\/\/www.torgerjacobsen.no\/wp-content\/uploads\/2023\/09\/Kosmonymia.png\" alt=\"\" class=\"wp-image-1933\" style=\"width:190px;height:auto\"\/><\/a><\/figure>\n\n\n\n<figure class=\"wp-block-image\"><img decoding=\"async\" src=\"https:\/\/www.statendetermeg.no\/wp-content\/uploads\/2024\/03\/Fast-i-uken.png\" alt=\"\" class=\"wp-image-1708\"\/><\/figure>\n\n\n\n<figure class=\"wp-block-image is-resized\"><a href=\"https:\/\/www.statendetermeg.no\/2024\/01\/02\/filosofisk-forum-mandager\/\"><img decoding=\"async\" src=\"https:\/\/www.statendetermeg.no\/wp-content\/uploads\/2023\/07\/Folkeakademiet-Filosofisk-Forum.png\" alt=\"\" class=\"wp-image-898\" style=\"width:314px;height:auto\"\/><\/a><\/figure>\n\n\n\n<figure class=\"wp-block-image is-resized\"><a href=\"https:\/\/www.torgerjacobsen.no\/2023\/10\/22\/invitasjon-til-begrepsdiskusjon-kurs\/\"><img decoding=\"async\" src=\"https:\/\/www.torgerjacobsen.no\/wp-content\/uploads\/2023\/10\/Invitasjon-til-begrepsdiskusjonkurs.png\" alt=\"\" class=\"wp-image-3175\" style=\"width:207px;height:auto\"\/><\/a><\/figure>\n\n\n\n<figure class=\"wp-block-image is-resized\"><a href=\"https:\/\/www.torgerjacobsen.no\/2023\/10\/18\/ukens-ordbilde\/\"><img decoding=\"async\" src=\"https:\/\/www.torgerjacobsen.no\/wp-content\/uploads\/2023\/09\/Ukens-ordbilde.png\" alt=\"\" class=\"wp-image-2074\" style=\"width:213px;height:auto\"\/><\/a><\/figure>\n\n\n\n<figure class=\"wp-block-image is-resized\"><a href=\"https:\/\/www.torgerjacobsen.no\/2024\/01\/01\/januar-isskjegg\/\"><img decoding=\"async\" src=\"https:\/\/www.statendetermeg.no\/wp-content\/uploads\/2024\/03\/Kalender-innlegg.png\" alt=\"\" class=\"wp-image-1710\" style=\"width:242px;height:auto\"\/><\/a><\/figure>\n\n\n\n<figure class=\"wp-block-image\"><a href=\"https:\/\/www.torgerjacobsen.no\/2024\/02\/29\/mail-og-mailutsendelser\/\"><img decoding=\"async\" src=\"https:\/\/www.torgerjacobsen.no\/wp-content\/uploads\/2024\/02\/Mail-og-Mailutsendelser-ukentlig.png\" alt=\"\" class=\"wp-image-4145\"\/><\/a><\/figure>\n\n\n\n<p><\/p>\n\n\n\n<figure class=\"wp-block-image aligncenter size-full is-resized\"><a href=\"https:\/\/12worldview.nilsmartin.no\/index.php\/12-verdensanskuelser\/\"><img decoding=\"async\" src=\"https:\/\/www.torgerjacobsen.no\/wp-content\/uploads\/2024\/02\/12worldview.com-Norge.jpeg\" alt=\"\" class=\"wp-image-3958\" style=\"width:310px;height:auto\"\/><\/a><\/figure>\n\n\n\n<p>De 12 verdensanskuelse presentert i en sirkel. Navnene p\u00e5 noen av anskuelsene kan avvike fra den f\u00f8rste tyske orginale navnsettingen. Etterhvert som de 12 blir lenket til hvert sitt omr\u00e5de p\u00e5 denne siden, vil ogs\u00e5 den norske navnbruken bli gjort rede for:<\/p>\n\n\n\n<div class=\"wp-block-group is-vertical is-content-justification-center is-layout-flex wp-container-core-group-is-layout-52b864f0 wp-block-group-is-layout-flex\">\n<p class=\"has-text-align-center\"><strong><mark style=\"background-color:rgba(0, 0, 0, 0);color:#690808\" class=\"has-inline-color\"><a href=\"https:\/\/12worldview.nilsmartin.no\/index.php\/2024\/03\/21\/materialisme\/\" data-type=\"post\" data-id=\"252\">Materialisme<\/a><\/mark><\/strong><\/p>\n\n\n\n<p class=\"has-text-align-center\">    <strong><mark style=\"background-color:rgba(0, 0, 0, 0);color:#7f8c6d\" class=\"has-inline-color\"><a href=\"https:\/\/12worldview.nilsmartin.no\/index.php\/2024\/03\/21\/objektivisme\/\" data-type=\"post\" data-id=\"258\">Objektivisme<\/a><\/mark> &nbsp;&nbsp;&nbsp;&nbsp;&nbsp;&nbsp;&nbsp; &nbsp;&nbsp;&nbsp;&nbsp;&nbsp;<mark style=\"background-color:rgba(0, 0, 0, 0);color:#d7935d\" class=\"has-inline-color\"><a href=\"https:\/\/12worldview.nilsmartin.no\/index.php\/2024\/03\/21\/sensualisme\/\">Sensualisme<\/a><\/mark>    <\/strong><\/p>\n\n\n\n<p class=\"has-text-align-center\"><strong><mark style=\"background-color:rgba(0, 0, 0, 0);color:#7ccc3f\" class=\"has-inline-color\"><a href=\"https:\/\/12worldview.nilsmartin.no\/index.php\/2024\/03\/21\/rasjonalisme\/\" data-type=\"post\" data-id=\"260\">Rasjonalismen<\/a><\/mark><strong><strong>&nbsp;&nbsp;&nbsp;&nbsp; &nbsp;&nbsp;&nbsp;<strong>&nbsp;&nbsp;&nbsp;&nbsp;&nbsp;<\/strong><\/strong><\/strong><mark style=\"background-color:rgba(0, 0, 0, 0);color:#aea835\" class=\"has-inline-color\"><a href=\"https:\/\/12worldview.nilsmartin.no\/index.php\/2024\/03\/21\/fenomenalisme\/\">Fenomenalismen<\/a><\/mark><\/strong><\/p>\n\n\n\n<p class=\"has-text-align-center\"><strong><mark style=\"background-color:rgba(0, 0, 0, 0);color:#ff2156\" class=\"has-inline-color\"><a href=\"https:\/\/12worldview.nilsmartin.no\/index.php\/2024\/03\/21\/idealisme\/\" data-type=\"post\" data-id=\"255\">Idealisme<\/a><\/mark><strong><strong>&nbsp;&nbsp;&nbsp;&nbsp;&nbsp;&nbsp;&nbsp;&nbsp;&nbsp;<strong><strong><strong>&nbsp;&nbsp;<\/strong><\/strong><\/strong>&nbsp;&nbsp;&nbsp;&nbsp; <\/strong><\/strong>&lt; &#8211; &gt;<strong>&nbsp;&nbsp;&nbsp;&nbsp;&nbsp;&nbsp;&nbsp; &nbsp;&nbsp;&nbsp; &nbsp;&nbsp;&nbsp;&nbsp;<strong>&nbsp;<\/strong><\/strong><mark style=\"background-color:rgba(0, 0, 0, 0);color:#558c0b\" class=\"has-inline-color\"><a href=\"https:\/\/12worldview.nilsmartin.no\/index.php\/2024\/03\/21\/realisme\/\">Realisme<\/a><\/mark><\/strong><\/p>\n\n\n\n<p class=\"has-text-align-center\"><strong><mark style=\"background-color:rgba(0, 0, 0, 0);color:#eca077\" class=\"has-inline-color\"><a href=\"https:\/\/12worldview.nilsmartin.no\/index.php\/2024\/03\/20\/psykisme\/\" data-type=\"post\" data-id=\"145\">Psykisme<\/a><\/mark> <strong><strong>&nbsp;&nbsp;&nbsp;&nbsp;&nbsp;&nbsp;&nbsp;&nbsp;&nbsp;<strong> &nbsp;&nbsp;&nbsp;&nbsp;&nbsp;&nbsp;&nbsp; &nbsp;&nbsp;&nbsp;&nbsp;&nbsp; &nbsp;&nbsp;&nbsp;&nbsp;&nbsp;<\/strong><\/strong><\/strong><mark style=\"background-color:rgba(0, 0, 0, 0);color:#a22121\" class=\"has-inline-color\"><a href=\"https:\/\/12worldview.nilsmartin.no\/index.php\/2024\/03\/21\/dynamisme\/\">Dynamisme<\/a><\/mark><\/strong><\/p>\n\n\n\n<p class=\"has-text-align-center\"><strong><mark style=\"background-color:rgba(0, 0, 0, 0);color:#55b1d3\" class=\"has-inline-color\"><a href=\"https:\/\/12worldview.nilsmartin.no\/index.php\/2024\/03\/21\/essensialisme\/\">Essensialisme<\/a><\/mark><strong>&nbsp;&nbsp;&nbsp;&nbsp;<strong> &nbsp;&nbsp;&nbsp;&nbsp;&nbsp;<\/strong>&nbsp;<\/strong><mark style=\"background-color:rgba(0, 0, 0, 0);color:#ff8321\" class=\"has-inline-color\"><a href=\"https:\/\/12worldview.nilsmartin.no\/index.php\/2024\/03\/21\/monadisme\/\">Monadisme<\/a><\/mark><\/strong><\/p>\n\n\n\n<p class=\"has-text-align-center\">   <mark style=\"background-color:rgba(0, 0, 0, 0);color:#518ff3\" class=\"has-inline-color\"><strong><a href=\"https:\/\/12worldview.nilsmartin.no\/index.php\/2024\/03\/21\/spiritualisme\/\">Spiritu<\/a><\/strong><\/mark><strong><mark style=\"background-color:rgba(0, 0, 0, 0);color:#4c68d0\" class=\"has-inline-color\"><a href=\"https:\/\/12worldview.nilsmartin.no\/index.php\/2024\/03\/21\/spiritualisme\/\">alisme<\/a><\/mark><\/strong><\/p>\n<\/div>\n\n\n\n<figure class=\"wp-block-image aligncenter is-resized\"><a href=\"https:\/\/12worldview.nilsmartin.no\/\"><img decoding=\"async\" src=\"https:\/\/www.torgerjacobsen.no\/wp-content\/uploads\/2024\/02\/12worldview.com_.png\" alt=\"\" class=\"wp-image-3955\" style=\"width:156px;height:auto\"\/><\/a><\/figure>\n\n\n\n<div class=\"wp-block-group alignfull has-base-2-background-color has-background has-global-padding is-layout-constrained wp-container-core-group-is-layout-669513ed wp-block-group-is-layout-constrained\" style=\"margin-top:0;margin-bottom:0;padding-top:var(--wp--preset--spacing--50);padding-right:var(--wp--preset--spacing--50);padding-bottom:var(--wp--preset--spacing--50);padding-left:var(--wp--preset--spacing--50)\">\n<div style=\"margin-top:0;margin-bottom:0;height:var(--wp--preset--spacing--40)\" aria-hidden=\"true\" class=\"wp-block-spacer\"><\/div>\n\n\n\n<div class=\"wp-block-columns alignwide is-layout-flex wp-container-core-columns-is-layout-d0bbbce0 wp-block-columns-is-layout-flex\">\n<div class=\"wp-block-column is-layout-flow wp-container-core-column-is-layout-e3d1c41b wp-block-column-is-layout-flow\">\n<h3 class=\"wp-block-heading has-text-align-left is-style-asterisk has-body-font-family has-medium-font-size\" style=\"font-style:normal;font-weight:600\">Renovation and restoration<\/h3>\n\n\n\n<p class=\"has-text-align-left\">Experience the fusion of imagination and expertise with \u00c9tudes Architectural Solutions.<\/p>\n<\/div>\n\n\n\n<div class=\"wp-block-column is-layout-flow wp-block-column-is-layout-flow\"><\/div>\n\n\n\n<div class=\"wp-block-column is-layout-flow wp-container-core-column-is-layout-e3d1c41b wp-block-column-is-layout-flow\">\n<h3 class=\"wp-block-heading has-text-align-left is-style-asterisk has-body-font-family has-medium-font-size\" style=\"font-style:normal;font-weight:600\">Continuous Support<\/h3>\n\n\n\n<p class=\"has-text-align-left\">Experience the fusion of imagination and expertise with \u00c9tudes Architectural Solutions.<\/p>\n<\/div>\n\n\n\n<div class=\"wp-block-column is-layout-flow wp-container-core-column-is-layout-e3d1c41b wp-block-column-is-layout-flow\">\n<h3 class=\"wp-block-heading has-text-align-left is-style-asterisk has-body-font-family has-medium-font-size\" style=\"font-style:normal;font-weight:600\">App Access<\/h3>\n\n\n\n<p class=\"has-text-align-left\">Experience the fusion of imagination and expertise with \u00c9tudes Architectural Solutions.<\/p>\n<\/div>\n<\/div>\n\n\n\n<div style=\"height:var(--wp--preset--spacing--20)\" aria-hidden=\"true\" class=\"wp-block-spacer\"><\/div>\n\n\n\n<div class=\"wp-block-columns alignwide is-layout-flex wp-container-core-columns-is-layout-d0bbbce0 wp-block-columns-is-layout-flex\">\n<div class=\"wp-block-column is-layout-flow wp-container-core-column-is-layout-e3d1c41b wp-block-column-is-layout-flow\">\n<h3 class=\"wp-block-heading has-text-align-left is-style-asterisk has-body-font-family has-medium-font-size\" style=\"font-style:normal;font-weight:600\">Consulting<\/h3>\n\n\n\n<p class=\"has-text-align-left\">Experience the fusion of imagination and expertise with \u00c9tudes Architectural Solutions.<\/p>\n<\/div>\n\n\n\n<div class=\"wp-block-column is-layout-flow wp-container-core-column-is-layout-e3d1c41b wp-block-column-is-layout-flow\">\n<div class=\"wp-block-group is-vertical is-content-justification-center is-layout-flex wp-container-core-group-is-layout-52b864f0 wp-block-group-is-layout-flex\">\n<p><\/p>\n\n\n\n<p>Er spr\u00e5kprosjektet som forklarer hele det spr\u00e5klige og begrepsmessige sammenhengen som alts\u00e5 utgj\u00f8r 84 begreper.<\/p>\n\n\n\n<figure class=\"wp-block-image aligncenter size-full is-resized\"><img decoding=\"async\" src=\"https:\/\/www.torgerjacobsen.no\/wp-content\/uploads\/2024\/02\/12worldview.com-Norge.jpeg\" alt=\"\" class=\"wp-image-3958\" style=\"width:162px;height:auto\"\/><\/figure>\n\n\n\n<figure class=\"wp-block-image aligncenter size-full is-resized\"><a href=\"https:\/\/www.torgerjacobsen.no\/2024\/02\/22\/12worldview-com\/\"><img decoding=\"async\" src=\"https:\/\/www.torgerjacobsen.no\/wp-content\/uploads\/2024\/02\/12worldview.com_.png\" alt=\"\" class=\"wp-image-3955\" style=\"width:159px;height:auto\"\/><\/a><\/figure>\n<\/div>\n<\/div>\n\n\n\n<div class=\"wp-block-column is-layout-flow wp-container-core-column-is-layout-e3d1c41b wp-block-column-is-layout-flow\">\n<h3 class=\"wp-block-heading has-text-align-left is-style-asterisk has-body-font-family has-medium-font-size\" style=\"font-style:normal;font-weight:600\">Architectural Solutions<\/h3>\n\n\n\n<p class=\"has-text-align-left\">Experience the fusion of imagination and expertise with \u00c9tudes Architectural Solutions.<\/p>\n<\/div>\n<\/div>\n<\/div>\n\n\n\n<p><\/p>\n\n\n\n<div class=\"wp-block-group alignfull has-global-padding is-layout-constrained wp-container-core-group-is-layout-d89aad35 wp-block-group-is-layout-constrained\" style=\"margin-top:0;margin-bottom:0;padding-top:var(--wp--preset--spacing--50);padding-right:var(--wp--preset--spacing--50);padding-bottom:var(--wp--preset--spacing--50);padding-left:var(--wp--preset--spacing--50)\">\n<div class=\"wp-block-group alignwide has-global-padding is-layout-constrained wp-container-core-group-is-layout-19e250f3 wp-block-group-is-layout-constrained\">\n<div class=\"wp-block-group is-vertical is-content-justification-center is-layout-flex wp-container-core-group-is-layout-6329a8f3 wp-block-group-is-layout-flex\">\n<h2 class=\"wp-block-heading has-text-align-center is-style-asterisk\">An array of resources<\/h2>\n\n\n\n<p class=\"has-text-align-center\">Our comprehensive suite of professional services caters to a diverse clientele, ranging from homeowners to commercial developers.<\/p>\n<\/div>\n\n\n\n<div style=\"height:var(--wp--preset--spacing--40)\" aria-hidden=\"true\" class=\"wp-block-spacer\"><\/div>\n\n\n\n<div class=\"wp-block-columns alignwide is-layout-flex wp-container-core-columns-is-layout-d1c656ed wp-block-columns-is-layout-flex\">\n<div class=\"wp-block-column is-vertically-aligned-center is-layout-flow wp-block-column-is-layout-flow\" style=\"flex-basis:40%\">\n<h3 class=\"wp-block-heading is-style-asterisk\">\u00c9tudes Architect App<\/h3>\n\n\n\n<ul style=\"line-height:1.75\" class=\"is-style-checkmark-list wp-block-list\">\n<li>Collaborate with fellow architects.<\/li>\n\n\n\n<li>Showcase your projects.<\/li>\n\n\n\n<li>Experience the world of architecture.<\/li>\n<\/ul>\n<\/div>\n\n\n\n<div class=\"wp-block-column is-layout-flow wp-block-column-is-layout-flow\" style=\"flex-basis:50%\"><\/div>\n<\/div>\n\n\n\n<div style=\"height:var(--wp--preset--spacing--40)\" aria-hidden=\"true\" class=\"wp-block-spacer\"><\/div>\n\n\n\n<div class=\"wp-block-columns alignwide is-layout-flex wp-container-core-columns-is-layout-d1c656ed wp-block-columns-is-layout-flex\">\n<div class=\"wp-block-column is-layout-flow wp-block-column-is-layout-flow\" style=\"flex-basis:50%\"><\/div>\n\n\n\n<div class=\"wp-block-column is-vertically-aligned-center is-layout-flow wp-block-column-is-layout-flow\" style=\"flex-basis:40%\">\n<h3 class=\"wp-block-heading is-style-asterisk\">\u00c9tudes Newsletter<\/h3>\n\n\n\n<ul style=\"line-height:1.75\" class=\"is-style-checkmark-list wp-block-list\">\n<li>A world of thought-provoking articles.<\/li>\n\n\n\n<li>Case studies that celebrate architecture.<\/li>\n\n\n\n<li>Exclusive access to design insights.<\/li>\n<\/ul>\n<\/div>\n<\/div>\n<\/div>\n<\/div>\n\n\n\n<div class=\"wp-block-group alignfull has-global-padding is-layout-constrained wp-container-core-group-is-layout-d89aad35 wp-block-group-is-layout-constrained\" style=\"margin-top:0;margin-bottom:0;padding-top:var(--wp--preset--spacing--50);padding-right:var(--wp--preset--spacing--50);padding-bottom:var(--wp--preset--spacing--50);padding-left:var(--wp--preset--spacing--50)\">\n<h2 class=\"wp-block-heading alignwide has-x-large-font-size\" style=\"margin-top:0;margin-bottom:var(--wp--preset--spacing--40);line-height:1\">Watch, Read, Listen<\/h2>\n\n\n\n<div class=\"wp-block-group alignwide has-global-padding is-layout-constrained wp-block-group-is-layout-constrained\">\n<div class=\"wp-block-query alignwide is-layout-flow wp-block-query-is-layout-flow\">\n\n\n<div style=\"height:var(--wp--preset--spacing--30)\" aria-hidden=\"true\" class=\"wp-block-spacer\"><\/div>\n\n\n\n\n<div class=\"wp-block-query-no-results\">\n\n<p>No posts were found.<\/p>\n\n<\/div><\/div>\n<\/div>\n<\/div>\n\n\n\n<div class=\"wp-block-group alignfull has-global-padding is-layout-constrained wp-container-core-group-is-layout-d89aad35 wp-block-group-is-layout-constrained\" style=\"margin-top:0;margin-bottom:0;padding-top:var(--wp--preset--spacing--50);padding-right:var(--wp--preset--spacing--50);padding-bottom:var(--wp--preset--spacing--50);padding-left:var(--wp--preset--spacing--50)\">\n<div class=\"wp-block-group alignwide has-base-2-background-color has-background has-global-padding is-layout-constrained wp-container-core-group-is-layout-39412042 wp-block-group-is-layout-constrained\" style=\"border-radius:16px;padding-top:var(--wp--preset--spacing--40);padding-right:var(--wp--preset--spacing--50);padding-bottom:var(--wp--preset--spacing--40);padding-left:var(--wp--preset--spacing--50)\">\n<div style=\"height:var(--wp--preset--spacing--10)\" aria-hidden=\"true\" class=\"wp-block-spacer\"><\/div>\n\n\n\n<h2 class=\"wp-block-heading has-text-align-center has-x-large-font-size\">Join 900+ subscribers<\/h2>\n\n\n\n<p class=\"has-text-align-center\">Stay in the loop with everything you need to know.<\/p>\n\n\n\n<div class=\"wp-block-buttons is-content-justification-center is-layout-flex wp-container-core-buttons-is-layout-a89b3969 wp-block-buttons-is-layout-flex\">\n<div class=\"wp-block-button\"><a class=\"wp-block-button__link wp-element-button\">Sign up<\/a><\/div>\n<\/div>\n\n\n\n<div style=\"height:var(--wp--preset--spacing--10)\" aria-hidden=\"true\" class=\"wp-block-spacer\"><\/div>\n<\/div>\n<\/div>\n","protected":false},"excerpt":{"rendered":"<p>De 12 verdener det her er snakk om, finnes overalt. Problemet er at man er vandt til \u00e5 se bare en. Det er ensidigheter som skaper krig, derfor er det viktig \u00e5 bli oppmerksomme p\u00e5 at det er andre. 12 heten er klassisk urgammelt og derfor et ud\u00f8delig tema, som kan presenteres i stadig nye [&hellip;]<\/p>\n","protected":false},"author":1,"featured_media":0,"parent":0,"menu_order":0,"comment_status":"closed","ping_status":"closed","template":"","meta":{"footnotes":""},"class_list":["post-16","page","type-page","status-publish","hentry"],"_links":{"self":[{"href":"https:\/\/12worldview.nilsmartin.no\/index.php\/wp-json\/wp\/v2\/pages\/16","targetHints":{"allow":["GET"]}}],"collection":[{"href":"https:\/\/12worldview.nilsmartin.no\/index.php\/wp-json\/wp\/v2\/pages"}],"about":[{"href":"https:\/\/12worldview.nilsmartin.no\/index.php\/wp-json\/wp\/v2\/types\/page"}],"author":[{"embeddable":true,"href":"https:\/\/12worldview.nilsmartin.no\/index.php\/wp-json\/wp\/v2\/users\/1"}],"replies":[{"embeddable":true,"href":"https:\/\/12worldview.nilsmartin.no\/index.php\/wp-json\/wp\/v2\/comments?post=16"}],"version-history":[{"count":51,"href":"https:\/\/12worldview.nilsmartin.no\/index.php\/wp-json\/wp\/v2\/pages\/16\/revisions"}],"predecessor-version":[{"id":539,"href":"https:\/\/12worldview.nilsmartin.no\/index.php\/wp-json\/wp\/v2\/pages\/16\/revisions\/539"}],"wp:attachment":[{"href":"https:\/\/12worldview.nilsmartin.no\/index.php\/wp-json\/wp\/v2\/media?parent=16"}],"curies":[{"name":"wp","href":"https:\/\/api.w.org\/{rel}","templated":true}]}}